{"id":190,"date":"2025-06-24T13:09:45","date_gmt":"2025-06-24T11:09:45","guid":{"rendered":"http:\/\/serwer366612.lh.pl\/autoinstalator\/serwer366612.lh.pl\/wordpress124787\/?page_id=190"},"modified":"2026-01-24T16:29:42","modified_gmt":"2026-01-24T15:29:42","slug":"o-nas","status":"publish","type":"page","link":"https:\/\/justfitlancut.com.pl\/index.php\/o-nas\/","title":{"rendered":"O NAS"},"content":{"rendered":"\t\t<div data-elementor-type=\"wp-page\" data-elementor-id=\"190\" class=\"elementor elementor-190\">\n\t\t\t\t<div class=\"elementor-element elementor-element-a03e8ee e-flex e-con-boxed e-con e-parent\" data-id=\"a03e8ee\" data-element_type=\"container\">\n\t\t\t\t\t<div class=\"e-con-inner\">\n\t\t\t\t<div class=\"elementor-element elementor-element-e6b0d18 elementor-widget elementor-widget-spacer\" data-id=\"e6b0d18\" data-element_type=\"widget\" data-widget_type=\"spacer.default\">\n\t\t\t\t<div class=\"elementor-widget-container\">\n\t\t\t\t\t\t\t<div class=\"elementor-spacer\">\n\t\t\t<div class=\"elementor-spacer-inner\"><\/div>\n\t\t<\/div>\n\t\t\t\t\t\t<\/div>\n\t\t\t\t<\/div>\n\t\t\t\t\t<\/div>\n\t\t\t\t<\/div>\n\t\t<div class=\"elementor-element elementor-element-4df0836 elementor-hidden-mobile e-flex e-con-boxed e-con e-parent\" data-id=\"4df0836\" data-element_type=\"container\">\n\t\t\t\t\t<div class=\"e-con-inner\">\n\t\t<div class=\"elementor-element elementor-element-d2ae143 e-con-full e-flex e-con e-child\" data-id=\"d2ae143\" data-element_type=\"container\" data-settings=\"{&quot;background_background&quot;:&quot;classic&quot;}\">\n\t\t\t\t<div class=\"elementor-element elementor-element-dafcffd elementor-widget elementor-widget-heading\" data-id=\"dafcffd\" data-element_type=\"widget\" data-widget_type=\"heading.default\">\n\t\t\t\t<div class=\"elementor-widget-container\">\n\t\t\t\t\t<h2 class=\"elementor-heading-title elementor-size-default\">W JustFit wierzymy, \u017ce ka\u017cda wielka przygoda zaczyna si\u0119 od ma\u0142ych krok\u00f3w.\nNasza historia rozpocz\u0119\u0142a  si\u0119 \n27.10.2017r, , kiedy to powsta\u0142a nasza pierwsza si\u0142ownia w \u0141a\u0144cucie przy ul. Bema 2.<br>\nBy\u0142o to kameralne miejsce, stworzone z pasji do aktywno\u015bci fizycznej i zdrowego stylu \u017cycia. \nDzi\u0119ki zaanga\u017cowaniu naszego zespo\u0142u i wsparciu lokalnej spo\u0142eczno\u015bci szybko zyskali\u015bmy grono sta\u0142ych bywalc\u00f3w, kt\u00f3rzy \nzainspirowali nas do dalszego rozwoju.\nKolejnym krokiem by\u0142o otwarcie drugiej lokalizacji na terenie \u0141a\u0144cuta przy ul. Sk\u0142adowej 15.<br><br>Nowe miejsce by\u0142o odpowiedzi\u0105 na rosn\u0105ce zainteresowanie naszymi us\u0142ugami i pozwoli\u0142o nam dotrze\u0107 do wi\u0119kszej liczby \nos\u00f3b. Zadbali\u015bmy, by nowa si\u0142ownia by\u0142a jeszcze bardziej przestronna i wyposa\u017cona w najnowszy sprz\u0119t, \nco spotka\u0142o si\u0119 z entuzjastycznym przyj\u0119ciem.\nRok [data otwarcia trzeciej si\u0142owni] przyni\u00f3s\u0142 kolejne wyzwanie i trzeci\u0105 lokalizacj\u0119 w \u017bo\u0142yni przy ul. Bia\u0142obrzeskiej 158a.<br><br>Dzi\u0119ki zdobytemu do\u015bwiadczeniu wiedzieli\u015bmy ju\u017c, jak tworzy\u0107 miejsce, w kt\u00f3rym ka\u017cdy mo\u017ce poczu\u0107 si\u0119 swobodnie \u2013 \nod pocz\u0105tkuj\u0105cych, po zaawansowanych mi\u0142o\u015bnik\u00f3w sportu. Ta si\u0142ownia by\u0142a tak\u017ce pierwsz\u0105, w kt\u00f3rej wprowadzili\u015bmy \ndedykowan\u0105 stref\u0119 do treningu funkcjonalnego, co wyr\u00f3\u017cni\u0142o nas na tle innych miejsc.<br><br>Naszym nast\u0119pnym krokiem jest otwarcie czwartej lokalizacji w \u0141a\u0144cucie przy ul. Armii Krajowej 22. To b\u0119dzie nasza \nnajwi\u0119ksza i najbardziej nowoczesna si\u0142ownia, b\u0119d\u0105ca ukoronowaniem lat pracy i rozwoju. Dzi\u0119ki niej mogli\u015bmy rozszerzy\u0107 \nnasz\u0105 ofert\u0119 o jeszcze wi\u0119cej zaj\u0119\u0107 grupowych i udogodnie\u0144. Ka\u017cda z naszych si\u0142owni \nma swoj\u0105 unikaln\u0105 atmosfer\u0119 i spo\u0142eczno\u015b\u0107, ale wszystkie \u0142\u0105czy jedno \u2013 pasja do zdrowego stylu \u017cycia i d\u0105\u017cenie do tworzenia \nmiejsca, kt\u00f3re wspiera ludzi w osi\u0105ganiu ich cel\u00f3w. Niezale\u017cnie, czy by\u0142e\u015b z nami od samego pocz\u0105tku, czy dopiero \nzaczynasz swoj\u0105 przygod\u0119 w JustFit, cieszymy si\u0119, \u017ce mo\u017cemy by\u0107 cz\u0119\u015bci\u0105 Twojej drogi do lepszej formy.<br><br>Dzi\u0119kujemy za zaufanie i zapraszamy do jednej z naszych czterech lokalizacji \u2013 ka\u017cdy znajdzie tu co\u015b dla siebie!<\/h2>\t\t\t\t<\/div>\n\t\t\t\t<\/div>\n\t\t\t\t<\/div>\n\t\t\t\t\t<\/div>\n\t\t\t\t<\/div>\n\t\t<div class=\"elementor-element elementor-element-797953d e-con-full elementor-hidden-desktop elementor-hidden-tablet e-flex e-con e-parent\" data-id=\"797953d\" data-element_type=\"container\" data-settings=\"{&quot;background_background&quot;:&quot;classic&quot;}\">\n\t\t\t\t<div class=\"elementor-element elementor-element-403b195 elementor-widget elementor-widget-heading\" data-id=\"403b195\" data-element_type=\"widget\" data-widget_type=\"heading.default\">\n\t\t\t\t<div class=\"elementor-widget-container\">\n\t\t\t\t\t<h2 class=\"elementor-heading-title elementor-size-default\">W JustFit wierzymy, \u017ce ka\u017cda wielka przygoda zaczyna<br>si\u0119 od ma\u0142ych krok\u00f3w.\nNasza historia rozpocz\u0119\u0142a<br>si\u0119 27.10.2017r, , kiedy<br>to powsta\u0142a nasza pierwsza si\u0142ownia w \u0141a\u0144cucie przy ul. Bema 2.<br>\nBy\u0142o to kameralne miejsce, stworzone z pasji<br>do aktywno\u015bci fizycznej<br>i zdrowego stylu \u017cycia. \nDzi\u0119ki zaanga\u017cowaniu naszego zespo\u0142u i wsparciu lokalnej spo\u0142eczno\u015bci szybko zyskali\u015bmy grono sta\u0142ych bywalc\u00f3w, kt\u00f3rzy \nzainspirowali nas do dalszego rozwoju.\nKolejnym krokiem by\u0142o otwarcie drugiej lokalizacji na terenie \u0141a\u0144cuta przy ul. Sk\u0142adowej 15.<br><br>Nowe miejsce by\u0142o odpowiedzi\u0105 na rosn\u0105ce zainteresowanie naszymi us\u0142ugami i pozwoli\u0142o nam dotrze\u0107 do wi\u0119kszej liczby \nos\u00f3b. Zadbali\u015bmy, by nowa si\u0142ownia by\u0142a jeszcze bardziej przestronna i wyposa\u017cona w najnowszy sprz\u0119t, \nco spotka\u0142o si\u0119 z entuzjastycznym przyj\u0119ciem.\nRok [data otwarcia trzeciej si\u0142owni] przyni\u00f3s\u0142 kolejne wyzwanie i trzeci\u0105 lokalizacj\u0119 w \u017bo\u0142yni przy ul. Bia\u0142obrzeskiej 158a.<br><br>Dzi\u0119ki zdobytemu do\u015bwiadczeniu wiedzieli\u015bmy ju\u017c, jak tworzy\u0107 miejsce, w kt\u00f3rym ka\u017cdy mo\u017ce poczu\u0107 si\u0119 swobodnie \u2013 \nod pocz\u0105tkuj\u0105cych, po zaawansowanych mi\u0142o\u015bnik\u00f3w sportu. Ta si\u0142ownia by\u0142a tak\u017ce pierwsz\u0105, w kt\u00f3rej wprowadzili\u015bmy \ndedykowan\u0105 stref\u0119 do treningu funkcjonalnego, co wyr\u00f3\u017cni\u0142o nas na tle innych miejsc.<br><br>Naszym nast\u0119pnym krokiem jest otwarcie czwartej lokalizacji w \u0141a\u0144cucie przy ul. Armii Krajowej 22. To b\u0119dzie nasza \nnajwi\u0119ksza i najbardziej nowoczesna si\u0142ownia, b\u0119d\u0105ca ukoronowaniem lat pracy i rozwoju. Dzi\u0119ki niej mogli\u015bmy rozszerzy\u0107 \nnasz\u0105 ofert\u0119 o jeszcze wi\u0119cej zaj\u0119\u0107 grupowych i udogodnie\u0144. Ka\u017cda z naszych si\u0142owni \nma swoj\u0105 unikaln\u0105 atmosfer\u0119 i spo\u0142eczno\u015b\u0107, ale wszystkie \u0142\u0105czy jedno \u2013 pasja do zdrowego stylu \u017cycia i d\u0105\u017cenie do tworzenia \nmiejsca, kt\u00f3re wspiera ludzi w osi\u0105ganiu ich cel\u00f3w. Niezale\u017cnie, czy by\u0142e\u015b z nami od samego pocz\u0105tku, czy dopiero \nzaczynasz swoj\u0105 przygod\u0119 w JustFit, cieszymy si\u0119, \u017ce mo\u017cemy by\u0107 cz\u0119\u015bci\u0105 Twojej drogi do lepszej formy.<br><br>Dzi\u0119kujemy za zaufanie i zapraszamy do jednej z naszych czterech lokalizacji \u2013 ka\u017cdy znajdzie tu co\u015b dla siebie!<\/h2>\t\t\t\t<\/div>\n\t\t\t\t<\/div>\n\t\t\t\t<\/div>\n\t\t<div class=\"elementor-element elementor-element-5443d00 e-flex e-con-boxed e-con e-parent\" data-id=\"5443d00\" data-element_type=\"container\">\n\t\t\t\t\t<div class=\"e-con-inner\">\n\t\t\t\t<div class=\"elementor-element elementor-element-1af62e3 elementor-widget elementor-widget-spacer\" data-id=\"1af62e3\" data-element_type=\"widget\" data-widget_type=\"spacer.default\">\n\t\t\t\t<div class=\"elementor-widget-container\">\n\t\t\t\t\t\t\t<div class=\"elementor-spacer\">\n\t\t\t<div class=\"elementor-spacer-inner\"><\/div>\n\t\t<\/div>\n\t\t\t\t\t\t<\/div>\n\t\t\t\t<\/div>\n\t\t\t\t\t<\/div>\n\t\t\t\t<\/div>\n\t\t\t\t<\/div>\n\t\t","protected":false},"excerpt":{"rendered":"<p>W JustFit wierzymy, \u017ce ka\u017cda wielka przygoda zaczyna si\u0119 od ma\u0142ych krok\u00f3w. Nasza historia rozpocz\u0119\u0142a si\u0119 27.10.2017r, , kiedy to powsta\u0142a nasza pierwsza si\u0142ownia w \u0141a\u0144cucie przy ul. Bema 2. By\u0142o to kameralne miejsce, stworzone z pasji do aktywno\u015bci fizycznej i zdrowego stylu \u017cycia. Dzi\u0119ki zaanga\u017cowaniu naszego zespo\u0142u i wsparciu lokalnej spo\u0142eczno\u015bci szybko zyskali\u015bmy grono [&hellip;]<\/p>\n","protected":false},"author":1,"featured_media":0,"parent":0,"menu_order":0,"comment_status":"closed","ping_status":"closed","template":"","meta":{"saved_in_kubio":false,"footnotes":""},"class_list":["post-190","page","type-page","status-publish","hentry"],"kubio_ai_page_context":{"short_desc":"","purpose":"general"},"_links":{"self":[{"href":"https:\/\/justfitlancut.com.pl\/index.php\/wp-json\/wp\/v2\/pages\/190","targetHints":{"allow":["GET"]}}],"collection":[{"href":"https:\/\/justfitlancut.com.pl\/index.php\/wp-json\/wp\/v2\/pages"}],"about":[{"href":"https:\/\/justfitlancut.com.pl\/index.php\/wp-json\/wp\/v2\/types\/page"}],"author":[{"embeddable":true,"href":"https:\/\/justfitlancut.com.pl\/index.php\/wp-json\/wp\/v2\/users\/1"}],"replies":[{"embeddable":true,"href":"https:\/\/justfitlancut.com.pl\/index.php\/wp-json\/wp\/v2\/comments?post=190"}],"version-history":[{"count":56,"href":"https:\/\/justfitlancut.com.pl\/index.php\/wp-json\/wp\/v2\/pages\/190\/revisions"}],"predecessor-version":[{"id":1544,"href":"https:\/\/justfitlancut.com.pl\/index.php\/wp-json\/wp\/v2\/pages\/190\/revisions\/1544"}],"wp:attachment":[{"href":"https:\/\/justfitlancut.com.pl\/index.php\/wp-json\/wp\/v2\/media?parent=190"}],"curies":[{"name":"wp","href":"https:\/\/api.w.org\/{rel}","templated":true}]}}